{"id":1811,"date":"2018-11-19T09:00:13","date_gmt":"2018-11-19T09:00:13","guid":{"rendered":"http:\/\/themes.pixelwars.org\/efor\/demo-03\/shop\/"},"modified":"2023-07-03T13:48:25","modified_gmt":"2023-07-03T11:48:25","slug":"shop","status":"publish","type":"page","link":"https:\/\/zakochajsienanowo.com\/index.php\/shop\/","title":{"rendered":"Sklep"},"content":{"rendered":"\t\t<div data-elementor-type=\"wp-page\" data-elementor-id=\"1811\" class=\"elementor elementor-1811\">\n\t\t\t\t\t\t\t\t\t<section class=\"elementor-section elementor-top-section elementor-element elementor-element-3964d21 elementor-section-stretched elementor-section-boxed elementor-section-height-default elementor-section-height-default\" data-id=\"3964d21\" data-element_type=\"section\" data-settings=\"{&quot;stretch_section&quot;:&quot;section-stretched&quot;}\">\n\t\t\t\t\t\t<div class=\"elementor-container elementor-column-gap-default\">\n\t\t\t\t\t<div class=\"elementor-column elementor-col-100 elementor-top-column elementor-element elementor-element-e5a7a6a\" data-id=\"e5a7a6a\" data-element_type=\"column\">\n\t\t\t<div class=\"elementor-widget-wrap elementor-element-populated\">\n\t\t\t\t\t\t\t\t<section class=\"elementor-section elementor-inner-section elementor-element elementor-element-cf3be31 elementor-section-boxed elementor-section-height-default elementor-section-height-default\" data-id=\"cf3be31\" data-element_type=\"section\">\n\t\t\t\t\t\t<div class=\"elementor-container elementor-column-gap-default\">\n\t\t\t\t\t<div class=\"elementor-column elementor-col-33 elementor-inner-column elementor-element elementor-element-5894109\" data-id=\"5894109\" data-element_type=\"column\">\n\t\t\t<div class=\"elementor-widget-wrap\">\n\t\t\t\t\t\t\t\t\t<\/div>\n\t\t<\/div>\n\t\t\t\t<div class=\"elementor-column elementor-col-33 elementor-inner-column elementor-element elementor-element-4db7ff2\" data-id=\"4db7ff2\" data-element_type=\"column\">\n\t\t\t<div class=\"elementor-widget-wrap elementor-element-populated\">\n\t\t\t\t\t\t\t\t<div class=\"elementor-element elementor-element-15556cc elementor-widget elementor-widget-image\" data-id=\"15556cc\" data-element_type=\"widget\" data-widget_type=\"image.default\">\n\t\t\t\t<div class=\"elementor-widget-container\">\n\t\t\t\t\t\t\t\t\t\t\t\t\t\t\t\t<a href=\"http:\/\/zakochajsienanowo.pl\/index.php\/kurs-online-7-odcinkow-2-podreczniki\/\">\n\t\t\t\t\t\t\t<img loading=\"lazy\" decoding=\"async\" width=\"300\" height=\"283\" src=\"https:\/\/zakochajsienanowo.com\/wp-content\/uploads\/2018\/11\/PODRECZNIKI2-300x283.jpg\" class=\"elementor-animation-grow attachment-medium size-medium wp-image-4071\" alt=\"\" srcset=\"https:\/\/zakochajsienanowo.com\/wp-content\/uploads\/2018\/11\/PODRECZNIKI2-300x283.jpg 300w, https:\/\/zakochajsienanowo.com\/wp-content\/uploads\/2018\/11\/PODRECZNIKI2-1024x966.jpg 1024w, https:\/\/zakochajsienanowo.com\/wp-content\/uploads\/2018\/11\/PODRECZNIKI2-768x725.jpg 768w, https:\/\/zakochajsienanowo.com\/wp-content\/uploads\/2018\/11\/PODRECZNIKI2-583x550.jpg 583w, https:\/\/zakochajsienanowo.com\/wp-content\/uploads\/2018\/11\/PODRECZNIKI2-1060x1000.jpg 1060w, https:\/\/zakochajsienanowo.com\/wp-content\/uploads\/2018\/11\/PODRECZNIKI2-1536x1449.jpg 1536w, https:\/\/zakochajsienanowo.com\/wp-content\/uploads\/2018\/11\/PODRECZNIKI2-2048x1932.jpg 2048w, https:\/\/zakochajsienanowo.com\/wp-content\/uploads\/2018\/11\/PODRECZNIKI2-550x519.jpg 550w, https:\/\/zakochajsienanowo.com\/wp-content\/uploads\/2018\/11\/PODRECZNIKI2-530x500.jpg 530w, https:\/\/zakochajsienanowo.com\/wp-content\/uploads\/2018\/11\/PODRECZNIKI2.jpg 1920w, https:\/\/zakochajsienanowo.com\/wp-content\/uploads\/2018\/11\/PODRECZNIKI2-1145x1080.jpg 1145w, https:\/\/zakochajsienanowo.com\/wp-content\/uploads\/2018\/11\/PODRECZNIKI2-600x566.jpg 600w\" sizes=\"auto, (max-width: 300px) 100vw, 300px\" \/>\t\t\t\t\t\t\t\t<\/a>\n\t\t\t\t\t\t\t\t\t\t\t\t\t\t\t<\/div>\n\t\t\t\t<\/div>\n\t\t\t\t<div class=\"elementor-element elementor-element-861be83 elementor-widget elementor-widget-text-editor\" data-id=\"861be83\" data-element_type=\"widget\" data-widget_type=\"text-editor.default\">\n\t\t\t\t<div class=\"elementor-widget-container\">\n\t\t\t\t\t\t\t<p>KURS ONLINE: <br \/>7 odcink\u00f3w + 2 podr\u0119czniki<\/p>\t\t\t\t\t\t<\/div>\n\t\t\t\t<\/div>\n\t\t\t\t<div class=\"elementor-element elementor-element-36f1051 elementor-widget elementor-widget-text-editor\" data-id=\"36f1051\" data-element_type=\"widget\" data-widget_type=\"text-editor.default\">\n\t\t\t\t<div class=\"elementor-widget-container\">\n\t\t\t\t\t\t\t<p>117 z\u0142<\/p>\t\t\t\t\t\t<\/div>\n\t\t\t\t<\/div>\n\t\t\t\t\t<\/div>\n\t\t<\/div>\n\t\t\t\t<div class=\"elementor-column elementor-col-33 elementor-inner-column elementor-element elementor-element-adb8b5d\" data-id=\"adb8b5d\" data-element_type=\"column\">\n\t\t\t<div class=\"elementor-widget-wrap elementor-element-populated\">\n\t\t\t\t\t\t\t\t<div class=\"elementor-element elementor-element-e81c684 elementor-hidden-desktop elementor-hidden-tablet elementor-hidden-mobile elementor-widget elementor-widget-image\" data-id=\"e81c684\" data-element_type=\"widget\" data-widget_type=\"image.default\">\n\t\t\t\t<div class=\"elementor-widget-container\">\n\t\t\t\t\t\t\t\t\t\t\t\t\t\t\t\t<a href=\"http:\/\/zakochajsienanowo.pl\/index.php\/kurs-online-7-odcinkow-pdf\/\">\n\t\t\t\t\t\t\t<img loading=\"lazy\" decoding=\"async\" width=\"300\" height=\"283\" src=\"https:\/\/zakochajsienanowo.com\/wp-content\/uploads\/2021\/08\/PDF_2-300x283.jpg\" class=\"elementor-animation-grow attachment-medium size-medium wp-image-4070\" alt=\"\" srcset=\"https:\/\/zakochajsienanowo.com\/wp-content\/uploads\/2021\/08\/PDF_2-300x283.jpg 300w, https:\/\/zakochajsienanowo.com\/wp-content\/uploads\/2021\/08\/PDF_2-1024x966.jpg 1024w, https:\/\/zakochajsienanowo.com\/wp-content\/uploads\/2021\/08\/PDF_2-768x725.jpg 768w, https:\/\/zakochajsienanowo.com\/wp-content\/uploads\/2021\/08\/PDF_2-583x550.jpg 583w, https:\/\/zakochajsienanowo.com\/wp-content\/uploads\/2021\/08\/PDF_2-1060x1000.jpg 1060w, https:\/\/zakochajsienanowo.com\/wp-content\/uploads\/2021\/08\/PDF_2-1536x1449.jpg 1536w, https:\/\/zakochajsienanowo.com\/wp-content\/uploads\/2021\/08\/PDF_2-2048x1932.jpg 2048w, https:\/\/zakochajsienanowo.com\/wp-content\/uploads\/2021\/08\/PDF_2-550x519.jpg 550w, https:\/\/zakochajsienanowo.com\/wp-content\/uploads\/2021\/08\/PDF_2-530x500.jpg 530w, https:\/\/zakochajsienanowo.com\/wp-content\/uploads\/2021\/08\/PDF_2.jpg 1920w, https:\/\/zakochajsienanowo.com\/wp-content\/uploads\/2021\/08\/PDF_2-1145x1080.jpg 1145w, https:\/\/zakochajsienanowo.com\/wp-content\/uploads\/2021\/08\/PDF_2-600x566.jpg 600w\" sizes=\"auto, (max-width: 300px) 100vw, 300px\" \/>\t\t\t\t\t\t\t\t<\/a>\n\t\t\t\t\t\t\t\t\t\t\t\t\t\t\t<\/div>\n\t\t\t\t<\/div>\n\t\t\t\t<div class=\"elementor-element elementor-element-f59135c elementor-hidden-desktop elementor-hidden-tablet elementor-hidden-mobile elementor-widget elementor-widget-text-editor\" data-id=\"f59135c\" data-element_type=\"widget\" data-widget_type=\"text-editor.default\">\n\t\t\t\t<div class=\"elementor-widget-container\">\n\t\t\t\t\t\t\t<p>KURS ONLINE:<br \/>7 odcink\u00f3w + PDF<\/p>\t\t\t\t\t\t<\/div>\n\t\t\t\t<\/div>\n\t\t\t\t<div class=\"elementor-element elementor-element-f23a36a elementor-hidden-desktop elementor-hidden-tablet elementor-hidden-mobile elementor-widget elementor-widget-text-editor\" data-id=\"f23a36a\" data-element_type=\"widget\" data-widget_type=\"text-editor.default\">\n\t\t\t\t<div class=\"elementor-widget-container\">\n\t\t\t\t\t\t\t<p>97 z\u0142<\/p>\t\t\t\t\t\t<\/div>\n\t\t\t\t<\/div>\n\t\t\t\t\t<\/div>\n\t\t<\/div>\n\t\t\t\t\t\t\t<\/div>\n\t\t<\/section>\n\t\t\t\t\t<\/div>\n\t\t<\/div>\n\t\t\t\t\t\t\t<\/div>\n\t\t<\/section>\n\t\t\t\t\t\t\t<\/div>\n\t\t","protected":false},"excerpt":{"rendered":"<p>KURS ONLINE: 7 odcink\u00f3w + 2 podr\u0119czniki 117 z\u0142 KURS ONLINE:7 odcink\u00f3w + PDF 97 z\u0142<\/p>\n","protected":false},"author":1,"featured_media":0,"parent":0,"menu_order":0,"comment_status":"closed","ping_status":"closed","template":"","meta":{"footnotes":""},"class_list":["post-1811","page","type-page","status-publish","hentry","is-cat-link-borders-light is-cat-link-rounded"],"_links":{"self":[{"href":"https:\/\/zakochajsienanowo.com\/index.php\/wp-json\/wp\/v2\/pages\/1811","targetHints":{"allow":["GET"]}}],"collection":[{"href":"https:\/\/zakochajsienanowo.com\/index.php\/wp-json\/wp\/v2\/pages"}],"about":[{"href":"https:\/\/zakochajsienanowo.com\/index.php\/wp-json\/wp\/v2\/types\/page"}],"author":[{"embeddable":true,"href":"https:\/\/zakochajsienanowo.com\/index.php\/wp-json\/wp\/v2\/users\/1"}],"replies":[{"embeddable":true,"href":"https:\/\/zakochajsienanowo.com\/index.php\/wp-json\/wp\/v2\/comments?post=1811"}],"version-history":[{"count":34,"href":"https:\/\/zakochajsienanowo.com\/index.php\/wp-json\/wp\/v2\/pages\/1811\/revisions"}],"predecessor-version":[{"id":4699,"href":"https:\/\/zakochajsienanowo.com\/index.php\/wp-json\/wp\/v2\/pages\/1811\/revisions\/4699"}],"wp:attachment":[{"href":"https:\/\/zakochajsienanowo.com\/index.php\/wp-json\/wp\/v2\/media?parent=1811"}],"curies":[{"name":"wp","href":"https:\/\/api.w.org\/{rel}","templated":true}]}}