{"id":1170,"date":"2018-09-12T16:13:05","date_gmt":"2018-09-12T16:13:05","guid":{"rendered":"http:\/\/themes.pixelwars.org\/efor\/demo-01\/?page_id=1170"},"modified":"2021-09-14T23:29:16","modified_gmt":"2021-09-14T21:29:16","slug":"jak-to-dziala","status":"publish","type":"page","link":"https:\/\/zakochajsienanowo.com\/index.php\/jak-to-dziala\/","title":{"rendered":"Jak to dzia\u0142a?"},"content":{"rendered":"\t\t<div data-elementor-type=\"wp-post\" data-elementor-id=\"1170\" class=\"elementor elementor-1170\">\n\t\t\t\t\t\t\t\t\t<section class=\"elementor-section elementor-top-section elementor-element elementor-element-91d6110 elementor-section-boxed elementor-section-height-default elementor-section-height-default\" data-id=\"91d6110\" data-element_type=\"section\" data-settings=\"{&quot;background_background&quot;:&quot;classic&quot;}\">\n\t\t\t\t\t\t<div class=\"elementor-container elementor-column-gap-default\">\n\t\t\t\t\t<div class=\"elementor-column elementor-col-100 elementor-top-column elementor-element elementor-element-7a41a77\" data-id=\"7a41a77\" data-element_type=\"column\">\n\t\t\t<div class=\"elementor-widget-wrap elementor-element-populated\">\n\t\t\t\t\t\t\t\t<div class=\"elementor-element elementor-element-994a9a4 elementor-widget-divider--view-line elementor-widget elementor-widget-divider\" data-id=\"994a9a4\" data-element_type=\"widget\" data-widget_type=\"divider.default\">\n\t\t\t\t<div class=\"elementor-widget-container\">\n\t\t\t\t\t<div class=\"elementor-divider\">\n\t\t\t<span class=\"elementor-divider-separator\">\n\t\t\t\t\t\t<\/span>\n\t\t<\/div>\n\t\t\t\t<\/div>\n\t\t\t\t<\/div>\n\t\t\t\t<div class=\"elementor-element elementor-element-e269618 elementor-widget elementor-widget-heading\" data-id=\"e269618\" data-element_type=\"widget\" data-widget_type=\"heading.default\">\n\t\t\t\t<div class=\"elementor-widget-container\">\n\t\t\t<h1 class=\"elementor-heading-title elementor-size-default\">Jak to dzia\u0142a?<\/h1>\t\t<\/div>\n\t\t\t\t<\/div>\n\t\t\t\t<div class=\"elementor-element elementor-element-1400533 elementor-widget elementor-widget-jet-timeline\" data-id=\"1400533\" data-element_type=\"widget\" data-widget_type=\"jet-timeline.default\">\n\t\t\t\t<div class=\"elementor-widget-container\">\n\t\t\t<div class=\"elementor-jet-timeline jet-elements\"><div class=\"jet-timeline jet-timeline--align-center jet-timeline--align-middle\">\n\t<div class=\"jet-timeline__line\"><div class=\"jet-timeline__line-progress\"><\/div><\/div>\n\t<div class=\"jet-timeline-list\"><div class=\"jet-timeline-item jet-timeline-item--animated elementor-repeater-item-86635fe jet-timeline-item--image-inside\">\n\t<div class=\"timeline-item__card\">\n\t\t<div class=\"timeline-item__card-inner\">\n\t\t\t\t\t\t\t\t<div class=\"timeline-item__card-content\">\n\t\t\t\t\t<div class=\"timeline-item__meta\"><div class=\"timeline-item__meta-content\">Krok 1<\/div><\/div><h5 class=\"timeline-item__card-title\">Kup kurs<\/h5><div class=\"timeline-item__card-desc\">Kupuj\u0105c kurs otrzymujesz: dost\u0119p do platformy ONLINE z 7 odcinkami + 2 podr\u0119czniki.<\/div>\t\t\t\t<\/div>\n\t\t\t\t\t\t<\/div>\n\t\t<div class=\"timeline-item__card-arrow\"><\/div>\n\t<\/div>\n\t<div class=\"timeline-item__point\"><div class=\"timeline-item__point-content timeline-item__point-content--icon\"><span class=\"jet-elements-icon\"><i aria-hidden=\"true\" class=\"fas fa-check\"><\/i><\/span><\/div><\/div><div class=\"timeline-item__meta\"><div class=\"timeline-item__meta-content\">Krok 1<\/div><\/div><\/div><div class=\"jet-timeline-item jet-timeline-item--animated elementor-repeater-item-cf4c1f3 jet-timeline-item--image-inside\">\n\t<div class=\"timeline-item__card\">\n\t\t<div class=\"timeline-item__card-inner\">\n\t\t\t\t\t\t\t\t<div class=\"timeline-item__card-content\">\n\t\t\t\t\t<div class=\"timeline-item__meta\"><div class=\"timeline-item__meta-content\">Krok 2<\/div><\/div><h5 class=\"timeline-item__card-title\">Romantyczna sceneria<\/h5><div class=\"timeline-item__card-desc\">Zaplanujcie czas i miejsce Waszego spotkania. Zadbajcie o intymn\u0105 atmosfer\u0119. Nie zapomnijcie o \u015bwiecach, przek\u0105skach i napojach. Sesja trwa oko\u0142o 2 godzin.<\/div>\t\t\t\t<\/div>\n\t\t\t\t\t\t<\/div>\n\t\t<div class=\"timeline-item__card-arrow\"><\/div>\n\t<\/div>\n\t<div class=\"timeline-item__point\"><div class=\"timeline-item__point-content timeline-item__point-content--icon\"><span class=\"jet-elements-icon\"><i aria-hidden=\"true\" class=\"far fa-hourglass\"><\/i><\/span><\/div><\/div><div class=\"timeline-item__meta\"><div class=\"timeline-item__meta-content\">Krok 2<\/div><\/div><\/div><div class=\"jet-timeline-item jet-timeline-item--animated elementor-repeater-item-2b9c3d3 jet-timeline-item--image-inside\">\n\t<div class=\"timeline-item__card\">\n\t\t<div class=\"timeline-item__card-inner\">\n\t\t\t\t\t\t\t\t<div class=\"timeline-item__card-content\">\n\t\t\t\t\t<div class=\"timeline-item__meta\"><div class=\"timeline-item__meta-content\">Krok 3<\/div><\/div><h5 class=\"timeline-item__card-title\">Czas start<\/h5><div class=\"timeline-item__card-desc\">Zalogujcie si\u0119 do platformy, przygotujcie podr\u0119czniki i d\u0142ugopisy. Ka\u017cdy odcinek sk\u0142ada si\u0119 z wypowiedzi specjalist\u00f3w, par oraz \u0107wicze\u0144, kt\u00f3re wykonujecie sami. Ciekawe czego si\u0119 o sobie dowiecie?<\/div>\t\t\t\t<\/div>\n\t\t\t\t\t\t<\/div>\n\t\t<div class=\"timeline-item__card-arrow\"><\/div>\n\t<\/div>\n\t<div class=\"timeline-item__point\"><div class=\"timeline-item__point-content timeline-item__point-content--icon\"><span class=\"jet-elements-icon\"><i aria-hidden=\"true\" class=\"far fa-caret-square-right\"><\/i><\/span><\/div><\/div><div class=\"timeline-item__meta\"><div class=\"timeline-item__meta-content\">Krok 3<\/div><\/div><\/div><div class=\"jet-timeline-item jet-timeline-item--animated elementor-repeater-item-62d67df jet-timeline-item--image-inside\">\n\t<div class=\"timeline-item__card\">\n\t\t<div class=\"timeline-item__card-inner\">\n\t\t\t\t\t\t\t\t<div class=\"timeline-item__card-content\">\n\t\t\t\t\t<div class=\"timeline-item__meta\"><div class=\"timeline-item__meta-content\">Zalecenie<\/div><\/div><h5 class=\"timeline-item__card-title\">1 sesja, raz w tygodniu<\/h5><div class=\"timeline-item__card-desc\">Zalecamy, aby\u015bcie spotykali si\u0119 raz w tygodniu na jedn\u0105 sesj\u0119. To wa\u017cne, aby\u015bcie mieli czas na w\u0142asne przemy\u015blenia.<\/div>\t\t\t\t<\/div>\n\t\t\t\t\t\t<\/div>\n\t\t<div class=\"timeline-item__card-arrow\"><\/div>\n\t<\/div>\n\t<div class=\"timeline-item__point\"><div class=\"timeline-item__point-content timeline-item__point-content--icon\"><span class=\"jet-elements-icon\"><i aria-hidden=\"true\" class=\"far fa-calendar-alt\"><\/i><\/span><\/div><\/div><div class=\"timeline-item__meta\"><div class=\"timeline-item__meta-content\">Zalecenie<\/div><\/div><\/div><div class=\"jet-timeline-item jet-timeline-item--animated elementor-repeater-item-e26173f jet-timeline-item--image-inside\">\n\t<div class=\"timeline-item__card\">\n\t\t<div class=\"timeline-item__card-inner\">\n\t\t\t\t\t\t\t\t<div class=\"timeline-item__card-content\">\n\t\t\t\t\t<div class=\"timeline-item__meta\"><div class=\"timeline-item__meta-content\">Powodzenia!<\/div><\/div><h5 class=\"timeline-item__card-title\">Powodzenia!<\/h5><div class=\"timeline-item__card-desc\">Cieszymy si\u0119, \u017ce jeste\u015bcie z nami. Niezale\u017cnie od Waszej sytuacji, dobrze trafili\u015bcie. Jeste\u015bmy przekonani, \u017ce nasz kurs pozwoli Wam lepiej pozna\u0107 emocje i my\u015bli Waszego partnera, a tym samym wzmocni\u0107 Wasz\u0105 relacj\u0119!<\/div>\t\t\t\t<\/div>\n\t\t\t\t\t\t<\/div>\n\t\t<div class=\"timeline-item__card-arrow\"><\/div>\n\t<\/div>\n\t<div class=\"timeline-item__point\"><div class=\"timeline-item__point-content timeline-item__point-content--icon\"><span class=\"jet-elements-icon\"><i aria-hidden=\"true\" class=\"fas fa-grin-wink\"><\/i><\/span><\/div><\/div><div class=\"timeline-item__meta\"><div class=\"timeline-item__meta-content\">Powodzenia!<\/div><\/div><\/div><\/div><\/div><\/div>\t\t<\/div>\n\t\t\t\t<\/div>\n\t\t\t\t<div class=\"elementor-element elementor-element-ec18e8f elementor-widget-divider--view-line elementor-widget elementor-widget-divider\" data-id=\"ec18e8f\" data-element_type=\"widget\" data-widget_type=\"divider.default\">\n\t\t\t\t<div class=\"elementor-widget-container\">\n\t\t\t\t\t<div class=\"elementor-divider\">\n\t\t\t<span class=\"elementor-divider-separator\">\n\t\t\t\t\t\t<\/span>\n\t\t<\/div>\n\t\t\t\t<\/div>\n\t\t\t\t<\/div>\n\t\t\t\t<div class=\"elementor-element elementor-element-0435818 elementor-widget elementor-widget-spacer\" data-id=\"0435818\" data-element_type=\"widget\" data-widget_type=\"spacer.default\">\n\t\t\t\t<div class=\"elementor-widget-container\">\n\t\t\t\t\t<div class=\"elementor-spacer\">\n\t\t\t<div class=\"elementor-spacer-inner\"><\/div>\n\t\t<\/div>\n\t\t\t\t<\/div>\n\t\t\t\t<\/div>\n\t\t\t\t<div class=\"elementor-element elementor-element-8ede071 elementor-widget elementor-widget-spacer\" data-id=\"8ede071\" data-element_type=\"widget\" data-widget_type=\"spacer.default\">\n\t\t\t\t<div class=\"elementor-widget-container\">\n\t\t\t\t\t<div class=\"elementor-spacer\">\n\t\t\t<div class=\"elementor-spacer-inner\"><\/div>\n\t\t<\/div>\n\t\t\t\t<\/div>\n\t\t\t\t<\/div>\n\t\t\t\t\t<\/div>\n\t\t<\/div>\n\t\t\t\t\t\t\t<\/div>\n\t\t<\/section>\n\t\t\t\t<section class=\"elementor-section elementor-top-section elementor-element elementor-element-536c050 elementor-section-height-min-height elementor-section-boxed elementor-section-height-default elementor-section-items-middle\" data-id=\"536c050\" data-element_type=\"section\" data-settings=\"{&quot;background_background&quot;:&quot;classic&quot;}\">\n\t\t\t\t\t\t\t<div class=\"elementor-background-overlay\"><\/div>\n\t\t\t\t\t\t\t<div class=\"elementor-container elementor-column-gap-default\">\n\t\t\t\t\t<div class=\"elementor-column elementor-col-100 elementor-top-column elementor-element elementor-element-a4e1067\" data-id=\"a4e1067\" data-element_type=\"column\">\n\t\t\t<div class=\"elementor-widget-wrap\">\n\t\t\t\t\t\t\t\t\t<\/div>\n\t\t<\/div>\n\t\t\t\t\t\t\t<\/div>\n\t\t<\/section>\n\t\t\t\t\t\t\t<\/div>\n\t\t","protected":false},"excerpt":{"rendered":"<p>Jak to dzia\u0142a? Krok 1 Kup kurs Kupuj\u0105c kurs otrzymujesz: dost\u0119p do platformy ONLINE z 7 odcinkami + 2 podr\u0119czniki. Krok 1 Krok 2 Romantyczna sceneria Zaplanujcie czas i miejsce Waszego spotkania. Zadbajcie o intymn\u0105 atmosfer\u0119. Nie zapomnijcie o \u015bwiecach, przek\u0105skach i napojach. Sesja trwa oko\u0142o 2 godzin. Krok 2 Krok 3 Czas start Zalogujcie si\u0119 do platformy, przygotujcie podr\u0119czniki i d\u0142ugopisy. Ka\u017cdy odcinek sk\u0142ada&#8230; <\/p>\n<p class=\"more\"><a class=\"more-link\" href=\"https:\/\/zakochajsienanowo.com\/index.php\/jak-to-dziala\/\">Read More<\/a><\/p>\n","protected":false},"author":1,"featured_media":0,"parent":0,"menu_order":0,"comment_status":"closed","ping_status":"closed","template":"elementor_header_footer","meta":{"footnotes":""},"class_list":["post-1170","page","type-page","status-publish","hentry","is-cat-link-borders-light is-cat-link-rounded"],"_links":{"self":[{"href":"https:\/\/zakochajsienanowo.com\/index.php\/wp-json\/wp\/v2\/pages\/1170","targetHints":{"allow":["GET"]}}],"collection":[{"href":"https:\/\/zakochajsienanowo.com\/index.php\/wp-json\/wp\/v2\/pages"}],"about":[{"href":"https:\/\/zakochajsienanowo.com\/index.php\/wp-json\/wp\/v2\/types\/page"}],"author":[{"embeddable":true,"href":"https:\/\/zakochajsienanowo.com\/index.php\/wp-json\/wp\/v2\/users\/1"}],"replies":[{"embeddable":true,"href":"https:\/\/zakochajsienanowo.com\/index.php\/wp-json\/wp\/v2\/comments?post=1170"}],"version-history":[{"count":56,"href":"https:\/\/zakochajsienanowo.com\/index.php\/wp-json\/wp\/v2\/pages\/1170\/revisions"}],"predecessor-version":[{"id":4427,"href":"https:\/\/zakochajsienanowo.com\/index.php\/wp-json\/wp\/v2\/pages\/1170\/revisions\/4427"}],"wp:attachment":[{"href":"https:\/\/zakochajsienanowo.com\/index.php\/wp-json\/wp\/v2\/media?parent=1170"}],"curies":[{"name":"wp","href":"https:\/\/api.w.org\/{rel}","templated":true}]}}