{"id":1050,"date":"2018-09-08T19:41:05","date_gmt":"2018-09-08T19:41:05","guid":{"rendered":"http:\/\/themes.pixelwars.org\/efor\/demo-01\/?page_id=1050"},"modified":"2021-11-14T21:06:03","modified_gmt":"2021-11-14T20:06:03","slug":"o-nas","status":"publish","type":"page","link":"https:\/\/zakochajsienanowo.com\/index.php\/o-nas\/","title":{"rendered":"O nas"},"content":{"rendered":"\t\t<div data-elementor-type=\"wp-post\" data-elementor-id=\"1050\" class=\"elementor elementor-1050\">\n\t\t\t\t\t\t\t\t\t<section class=\"elementor-section elementor-top-section elementor-element elementor-element-fe43162 elementor-section-boxed elementor-section-height-default elementor-section-height-default\" data-id=\"fe43162\" data-element_type=\"section\" data-settings=\"{&quot;background_background&quot;:&quot;classic&quot;}\">\n\t\t\t\t\t\t<div class=\"elementor-container elementor-column-gap-no\">\n\t\t\t\t\t<div class=\"elementor-column elementor-col-100 elementor-top-column elementor-element elementor-element-c65df2c\" data-id=\"c65df2c\" data-element_type=\"column\">\n\t\t\t<div class=\"elementor-widget-wrap elementor-element-populated\">\n\t\t\t\t\t\t\t\t<div class=\"elementor-element elementor-element-d3e9914 elementor-widget elementor-widget-heading\" data-id=\"d3e9914\" data-element_type=\"widget\" data-widget_type=\"heading.default\">\n\t\t\t\t<div class=\"elementor-widget-container\">\n\t\t\t<h1 class=\"elementor-heading-title elementor-size-default\">O nas<\/h1>\t\t<\/div>\n\t\t\t\t<\/div>\n\t\t\t\t<div class=\"elementor-element elementor-element-1cc4d4e elementor-widget elementor-widget-text-editor\" data-id=\"1cc4d4e\" data-element_type=\"widget\" data-widget_type=\"text-editor.default\">\n\t\t\t\t<div class=\"elementor-widget-container\">\n\t\t\t\t\t\t\t<p><strong>Kurs Ma\u0142\u017ce\u0144ski Alpha<\/strong> jest wynikiem ponad 20 letniej pracy specjalist\u00f3w z zakresu psychologii, psychiatrii i seksuologii. <strong>Nicky i Sila Lee<\/strong> (<span style=\"font-weight: 400;\">autorzy kursu<\/span>) zrozumieli jak wa\u017cne jest wspieranie ma\u0142\u017ce\u0144stw, przez osoby posiadaj\u0105ce wiedz\u0119 i do\u015bwiadczenie. <br \/>Stworzono kurs w formie online, tak \u017ceby dotrze\u0107 do szerokiego gremium odbiorc\u00f3w.<\/p><p>Tw\u00f3rcy kieruj\u0105 si\u0119 jako mottem i zdaniem przewodnim, \u017ce \u201e<strong>Fundamentem silnego spo\u0142ecze\u0144stwa s\u0105 silne rodziny, natomiast fundamentem rodzin s\u0105 szcz\u0119\u015bliwe ma\u0142\u017ce\u0144stwa<\/strong>\u201d.<\/p>\t\t\t\t\t\t<\/div>\n\t\t\t\t<\/div>\n\t\t\t\t\t<\/div>\n\t\t<\/div>\n\t\t\t\t\t\t\t<\/div>\n\t\t<\/section>\n\t\t\t\t<section class=\"elementor-section elementor-top-section elementor-element elementor-element-2b24fb5 elementor-section-content-middle elementor-section-boxed elementor-section-height-default elementor-section-height-default\" data-id=\"2b24fb5\" data-element_type=\"section\" data-settings=\"{&quot;background_background&quot;:&quot;classic&quot;}\">\n\t\t\t\t\t\t<div class=\"elementor-container elementor-column-gap-no\">\n\t\t\t\t\t<div class=\"elementor-column elementor-col-100 elementor-top-column elementor-element elementor-element-5708ee3\" data-id=\"5708ee3\" data-element_type=\"column\">\n\t\t\t<div class=\"elementor-widget-wrap\">\n\t\t\t\t\t\t\t\t\t<\/div>\n\t\t<\/div>\n\t\t\t\t\t\t\t<\/div>\n\t\t<\/section>\n\t\t\t\t<section class=\"elementor-section elementor-top-section elementor-element elementor-element-1114d3c elementor-section-boxed elementor-section-height-default elementor-section-height-default\" data-id=\"1114d3c\" data-element_type=\"section\" data-settings=\"{&quot;background_background&quot;:&quot;classic&quot;}\">\n\t\t\t\t\t\t<div class=\"elementor-container elementor-column-gap-no\">\n\t\t\t\t\t<div class=\"elementor-column elementor-col-100 elementor-top-column elementor-element elementor-element-d300d9f\" data-id=\"d300d9f\" data-element_type=\"column\">\n\t\t\t<div class=\"elementor-widget-wrap elementor-element-populated\">\n\t\t\t\t\t\t\t\t<div class=\"elementor-element elementor-element-806fbe9 elementor-widget elementor-widget-heading\" data-id=\"806fbe9\" data-element_type=\"widget\" data-widget_type=\"heading.default\">\n\t\t\t\t<div class=\"elementor-widget-container\">\n\t\t\t<h1 class=\"elementor-heading-title elementor-size-default\">Nasz cel<\/h1>\t\t<\/div>\n\t\t\t\t<\/div>\n\t\t\t\t<div class=\"elementor-element elementor-element-d5b52ab elementor-widget elementor-widget-text-editor\" data-id=\"d5b52ab\" data-element_type=\"widget\" data-widget_type=\"text-editor.default\">\n\t\t\t\t<div class=\"elementor-widget-container\">\n\t\t\t\t\t\t\tChcemy wesprze\u0107 Was, bez wzgl\u0119du na to, jak d\u0142ugo jeste\u015bcie razem i to, <br>czy \u2013 jako para \u2013 jeste\u015bcie w dobrym miejscu, czy prze\u017cywacie trudno\u015bci.<br> Niezale\u017cnie od Waszej sytuacji, dobrze trafili\u015bcie. <br>Jeste\u015bmy przekonani, \u017ce Kurs Ma\u0142\u017ce\u0144ski Alpha pozwoli Wam<br> lepiej pozna\u0107 emocje i my\u015bli Waszego wsp\u00f3\u0142ma\u0142\u017conka.\t\t\t\t\t\t<\/div>\n\t\t\t\t<\/div>\n\t\t\t\t<div class=\"elementor-element elementor-element-fe8a8dc elementor-widget elementor-widget-text-editor\" data-id=\"fe8a8dc\" data-element_type=\"widget\" data-widget_type=\"text-editor.default\">\n\t\t\t\t<div class=\"elementor-widget-container\">\n\t\t\t\t\t\t\tBez wzgl\u0119du na sta\u017c waszego zwi\u0105zku, zawsze b\u0119dziecie mieli wiele do odkrycia.\n<br>Tylko nieustanne odkrywanie siebie nawzajem podtrzymuje blisk\u0105 wi\u0119\u017a.\n<br><br>\nNicky i Sila Lee &#8211; Tw\u00f3rcy Kursu \t\t\t\t\t\t<\/div>\n\t\t\t\t<\/div>\n\t\t\t\t\t<\/div>\n\t\t<\/div>\n\t\t\t\t\t\t\t<\/div>\n\t\t<\/section>\n\t\t\t\t<section class=\"elementor-section elementor-top-section elementor-element elementor-element-5862a0d elementor-section-boxed elementor-section-height-default elementor-section-height-default\" data-id=\"5862a0d\" data-element_type=\"section\" data-settings=\"{&quot;background_background&quot;:&quot;classic&quot;}\">\n\t\t\t\t\t\t<div class=\"elementor-container elementor-column-gap-no\">\n\t\t\t\t\t<div class=\"elementor-column elementor-col-100 elementor-top-column elementor-element elementor-element-15532b5\" data-id=\"15532b5\" data-element_type=\"column\">\n\t\t\t<div class=\"elementor-widget-wrap elementor-element-populated\">\n\t\t\t\t\t\t\t\t<div class=\"elementor-element elementor-element-3202029 elementor-widget elementor-widget-heading\" data-id=\"3202029\" data-element_type=\"widget\" data-widget_type=\"heading.default\">\n\t\t\t\t<div class=\"elementor-widget-container\">\n\t\t\t<h1 class=\"elementor-heading-title elementor-size-default\">Nasi specjali\u015bci<\/h1>\t\t<\/div>\n\t\t\t\t<\/div>\n\t\t\t\t<div class=\"elementor-element elementor-element-8aeca3b elementor-widget elementor-widget-jet-portfolio\" data-id=\"8aeca3b\" data-element_type=\"widget\" data-widget_type=\"jet-portfolio.default\">\n\t\t\t\t<div class=\"elementor-widget-container\">\n\t\t\t<div class=\"elementor-jet-portfolio jet-elements\"><br \/>\n<b>Warning<\/b>:  Undefined array key \"columns_tablet\" in <b>\/home\/klient.dhosting.pl\/alphapolska\/zakochajsienanowo.com\/public_html\/wp-content\/plugins\/jet-elements\/templates\/jet-portfolio\/global\/index.php<\/b> on line <b>11<\/b><br \/>\n<br \/>\n<b>Warning<\/b>:  Undefined array key \"columns_mobile\" in <b>\/home\/klient.dhosting.pl\/alphapolska\/zakochajsienanowo.com\/public_html\/wp-content\/plugins\/jet-elements\/templates\/jet-portfolio\/global\/index.php<\/b> on line <b>12<\/b><br \/>\n<br \/>\n<b>Warning<\/b>:  Undefined array key \"columns_tablet\" in <b>\/home\/klient.dhosting.pl\/alphapolska\/zakochajsienanowo.com\/public_html\/wp-content\/plugins\/jet-elements\/includes\/addons\/jet-elements-portfolio.php<\/b> on line <b>1994<\/b><br \/>\n<br \/>\n<b>Warning<\/b>:  Undefined array key \"columns_mobile\" in <b>\/home\/klient.dhosting.pl\/alphapolska\/zakochajsienanowo.com\/public_html\/wp-content\/plugins\/jet-elements\/includes\/addons\/jet-elements-portfolio.php<\/b> on line <b>1995<\/b><br \/>\n\n<div class=\"jet-portfolio layout-type-masonry preset-type-1 layout-desktop-column-3  \" data-settings=\"{&quot;layoutType&quot;:&quot;masonry&quot;,&quot;columns&quot;:3,&quot;columnsTablet&quot;:null,&quot;columnsMobile&quot;:null,&quot;perPage&quot;:6}\"><div class=\"jet-portfolio__list\"><article class=\"jet-portfolio__item visible-status\" data-slug=\"{&quot;0&quot;:&quot;all&quot;}\">\n\t<div class=\"jet-portfolio__inner\">\n\t\t<a class=\"jet-portfolio__link \" href=\"http:\/\/zakochajsienanowo.pl\/wp-content\/uploads\/2021\/06\/15.jpg\" data-elementor-open-lightbox=\"yes\">\n\t\t\t<div class=\"jet-portfolio__image\">\n\t\t\t\t<img decoding=\"async\" class=\"jet-portfolio__image-instance\" src=\"https:\/\/zakochajsienanowo.com\/wp-content\/uploads\/2021\/06\/15.jpg\" width=\"740\" height=\"490\"  alt=\"15\" loading=\"lazy\">\t\t\t\t<div class=\"jet-portfolio__image-loader\"><span><\/span><\/div>\n\t\t\t<\/div>\n\t\t<\/a>\n\t\t<div class=\"jet-portfolio__content\">\n\t\t\t<div class=\"jet-portfolio__content-inner\"><h4 class=\"jet-portfolio__title\">dr Roger Bretherton <\/h4><p class=\"jet-portfolio__desc\">psycholog, University of Lincoln<\/p><\/div>\n\t\t<\/div>\n\n\t<\/div>\n<\/article><article class=\"jet-portfolio__item visible-status\" data-slug=\"{&quot;0&quot;:&quot;all&quot;}\">\n\t<div class=\"jet-portfolio__inner\">\n\t\t<a class=\"jet-portfolio__link \" href=\"http:\/\/zakochajsienanowo.pl\/wp-content\/uploads\/2021\/06\/123.jpg\" data-elementor-open-lightbox=\"yes\">\n\t\t\t<div class=\"jet-portfolio__image\">\n\t\t\t\t<img decoding=\"async\" class=\"jet-portfolio__image-instance\" src=\"https:\/\/zakochajsienanowo.com\/wp-content\/uploads\/2021\/06\/123.jpg\" width=\"740\" height=\"490\"  alt=\"123\" loading=\"lazy\">\t\t\t\t<div class=\"jet-portfolio__image-loader\"><span><\/span><\/div>\n\t\t\t<\/div>\n\t\t<\/a>\n\t\t<div class=\"jet-portfolio__content\">\n\t\t\t<div class=\"jet-portfolio__content-inner\"><h4 class=\"jet-portfolio__title\">dr Gary Chapman<\/h4><p class=\"jet-portfolio__desc\">autor ksi\u0105\u017cki \u201ePi\u0119\u0107 j\u0119zyk\u00f3w mi\u0142o\u015bci\u201d<\/p><\/div>\n\t\t<\/div>\n\n\t<\/div>\n<\/article><article class=\"jet-portfolio__item visible-status\" data-slug=\"{&quot;0&quot;:&quot;all&quot;}\">\n\t<div class=\"jet-portfolio__inner\">\n\t\t<a class=\"jet-portfolio__link \" href=\"http:\/\/zakochajsienanowo.pl\/wp-content\/uploads\/2021\/06\/12.jpg\" data-elementor-open-lightbox=\"yes\">\n\t\t\t<div class=\"jet-portfolio__image\">\n\t\t\t\t<img decoding=\"async\" class=\"jet-portfolio__image-instance\" src=\"https:\/\/zakochajsienanowo.com\/wp-content\/uploads\/2021\/06\/12.jpg\" width=\"740\" height=\"490\"  alt=\"12\" loading=\"lazy\">\t\t\t\t<div class=\"jet-portfolio__image-loader\"><span><\/span><\/div>\n\t\t\t<\/div>\n\t\t<\/a>\n\t\t<div class=\"jet-portfolio__content\">\n\t\t\t<div class=\"jet-portfolio__content-inner\"><h4 class=\"jet-portfolio__title\">dr Henry Cloud<\/h4><p class=\"jet-portfolio__desc\">psycholog oraz wsp\u00f3\u0142autor ksi\u0105\u017cki \u201eGranice w relacjach ma\u0142\u017ce\u0144skich\u201d<\/p><\/div>\n\t\t<\/div>\n\n\t<\/div>\n<\/article><article class=\"jet-portfolio__item visible-status\" data-slug=\"{&quot;0&quot;:&quot;all&quot;}\">\n\t<div class=\"jet-portfolio__inner\">\n\t\t<a class=\"jet-portfolio__link \" href=\"http:\/\/zakochajsienanowo.pl\/wp-content\/uploads\/2021\/06\/17.jpg\" data-elementor-open-lightbox=\"yes\">\n\t\t\t<div class=\"jet-portfolio__image\">\n\t\t\t\t<img decoding=\"async\" class=\"jet-portfolio__image-instance\" src=\"https:\/\/zakochajsienanowo.com\/wp-content\/uploads\/2021\/06\/17.jpg\" width=\"740\" height=\"490\"  alt=\"17\" loading=\"lazy\">\t\t\t\t<div class=\"jet-portfolio__image-loader\"><span><\/span><\/div>\n\t\t\t<\/div>\n\t\t<\/a>\n\t\t<div class=\"jet-portfolio__content\">\n\t\t\t<div class=\"jet-portfolio__content-inner\"><h4 class=\"jet-portfolio__title\">dr Mosun Dorgu<\/h4><p class=\"jet-portfolio__desc\">psychiatra dzieci\u0119cy i m\u0142odzie\u017cowy<\/p><\/div>\n\t\t<\/div>\n\n\t<\/div>\n<\/article><article class=\"jet-portfolio__item visible-status\" data-slug=\"{&quot;0&quot;:&quot;all&quot;}\">\n\t<div class=\"jet-portfolio__inner\">\n\t\t<a class=\"jet-portfolio__link \" href=\"http:\/\/zakochajsienanowo.pl\/wp-content\/uploads\/2021\/06\/234.jpg\" data-elementor-open-lightbox=\"yes\">\n\t\t\t<div class=\"jet-portfolio__image\">\n\t\t\t\t<img decoding=\"async\" class=\"jet-portfolio__image-instance\" src=\"https:\/\/zakochajsienanowo.com\/wp-content\/uploads\/2021\/06\/234.jpg\" width=\"740\" height=\"490\"  alt=\"234\" loading=\"lazy\">\t\t\t\t<div class=\"jet-portfolio__image-loader\"><span><\/span><\/div>\n\t\t\t<\/div>\n\t\t<\/a>\n\t\t<div class=\"jet-portfolio__content\">\n\t\t\t<div class=\"jet-portfolio__content-inner\"><h4 class=\"jet-portfolio__title\">dr Sue Johnson<\/h4><p class=\"jet-portfolio__desc\">psycholog kliniczny, autorka ksi\u0105\u017cki \u201eHold Me Tight\u201d<\/p><\/div>\n\t\t<\/div>\n\n\t<\/div>\n<\/article><article class=\"jet-portfolio__item visible-status\" data-slug=\"{&quot;0&quot;:&quot;all&quot;}\">\n\t<div class=\"jet-portfolio__inner\">\n\t\t<a class=\"jet-portfolio__link \" href=\"http:\/\/zakochajsienanowo.pl\/wp-content\/uploads\/2021\/06\/18.jpg\" data-elementor-open-lightbox=\"yes\">\n\t\t\t<div class=\"jet-portfolio__image\">\n\t\t\t\t<img decoding=\"async\" class=\"jet-portfolio__image-instance\" src=\"https:\/\/zakochajsienanowo.com\/wp-content\/uploads\/2021\/06\/18.jpg\" width=\"740\" height=\"490\"  alt=\"18\" loading=\"lazy\">\t\t\t\t<div class=\"jet-portfolio__image-loader\"><span><\/span><\/div>\n\t\t\t<\/div>\n\t\t<\/a>\n\t\t<div class=\"jet-portfolio__content\">\n\t\t\t<div class=\"jet-portfolio__content-inner\"><h4 class=\"jet-portfolio__title\">John Kirkby<\/h4><p class=\"jet-portfolio__desc\">za\u0142o\u017cyciel organizacji charytatywnej \u201eChristians Against Poverty\u201d<\/p><\/div>\n\t\t<\/div>\n\n\t<\/div>\n<\/article><article class=\"jet-portfolio__item visible-status\" data-slug=\"{&quot;0&quot;:&quot;all&quot;}\">\n\t<div class=\"jet-portfolio__inner\">\n\t\t<a class=\"jet-portfolio__link \" href=\"http:\/\/zakochajsienanowo.pl\/wp-content\/uploads\/2021\/06\/14.jpg\" data-elementor-open-lightbox=\"yes\">\n\t\t\t<div class=\"jet-portfolio__image\">\n\t\t\t\t<img decoding=\"async\" class=\"jet-portfolio__image-instance\" src=\"https:\/\/zakochajsienanowo.com\/wp-content\/uploads\/2021\/06\/14.jpg\" width=\"740\" height=\"490\"  alt=\"14\" loading=\"lazy\">\t\t\t\t<div class=\"jet-portfolio__image-loader\"><span><\/span><\/div>\n\t\t\t<\/div>\n\t\t<\/a>\n\t\t<div class=\"jet-portfolio__content\">\n\t\t\t<div class=\"jet-portfolio__content-inner\"><h4 class=\"jet-portfolio__title\">Rob Parsons<\/h4><p class=\"jet-portfolio__desc\">za\u0142o\u017cyciel fundacji \u201eCare for the Family\u201d<\/p><\/div>\n\t\t<\/div>\n\n\t<\/div>\n<\/article><article class=\"jet-portfolio__item visible-status\" data-slug=\"{&quot;0&quot;:&quot;all&quot;}\">\n\t<div class=\"jet-portfolio__inner\">\n\t\t<a class=\"jet-portfolio__link \" href=\"http:\/\/zakochajsienanowo.pl\/wp-content\/uploads\/2021\/06\/13.jpg\" data-elementor-open-lightbox=\"yes\">\n\t\t\t<div class=\"jet-portfolio__image\">\n\t\t\t\t<img decoding=\"async\" class=\"jet-portfolio__image-instance\" src=\"https:\/\/zakochajsienanowo.com\/wp-content\/uploads\/2021\/06\/13.jpg\" width=\"740\" height=\"490\"  alt=\"13\" loading=\"lazy\">\t\t\t\t<div class=\"jet-portfolio__image-loader\"><span><\/span><\/div>\n\t\t\t<\/div>\n\t\t<\/a>\n\t\t<div class=\"jet-portfolio__content\">\n\t\t\t<div class=\"jet-portfolio__content-inner\"><h4 class=\"jet-portfolio__title\">dr Xuefu Wang <\/h4><p class=\"jet-portfolio__desc\">psychoterapeuta i za\u0142o\u017cyciel \u201eZhi Mian Institute for Psychotherapy\u201d<\/p><\/div>\n\t\t<\/div>\n\n\t<\/div>\n<\/article><article class=\"jet-portfolio__item visible-status\" data-slug=\"{&quot;0&quot;:&quot;all&quot;}\">\n\t<div class=\"jet-portfolio__inner\">\n\t\t<a class=\"jet-portfolio__link \" href=\"http:\/\/zakochajsienanowo.pl\/wp-content\/uploads\/2021\/06\/16.jpg\" data-elementor-open-lightbox=\"yes\">\n\t\t\t<div class=\"jet-portfolio__image\">\n\t\t\t\t<img decoding=\"async\" class=\"jet-portfolio__image-instance\" src=\"https:\/\/zakochajsienanowo.com\/wp-content\/uploads\/2021\/06\/16.jpg\" width=\"740\" height=\"490\"  alt=\"16\" loading=\"lazy\">\t\t\t\t<div class=\"jet-portfolio__image-loader\"><span><\/span><\/div>\n\t\t\t<\/div>\n\t\t<\/a>\n\t\t<div class=\"jet-portfolio__content\">\n\t\t\t<div class=\"jet-portfolio__content-inner\"><h4 class=\"jet-portfolio__title\">Emma Waring<\/h4><p class=\"jet-portfolio__desc\">terapeuta psychoseksualny<\/p><\/div>\n\t\t<\/div>\n\n\t<\/div>\n<\/article><\/div><\/div>\n<\/div>\t\t<\/div>\n\t\t\t\t<\/div>\n\t\t\t\t\t<\/div>\n\t\t<\/div>\n\t\t\t\t\t\t\t<\/div>\n\t\t<\/section>\n\t\t\t\t\t\t\t<\/div>\n\t\t","protected":false},"excerpt":{"rendered":"<p>O nas Kurs Ma\u0142\u017ce\u0144ski Alpha jest wynikiem ponad 20 letniej pracy specjalist\u00f3w z zakresu psychologii, psychiatrii i seksuologii. Nicky i Sila Lee (autorzy kursu) zrozumieli jak wa\u017cne jest wspieranie ma\u0142\u017ce\u0144stw, przez osoby posiadaj\u0105ce wiedz\u0119 i do\u015bwiadczenie. Stworzono kurs w formie online, tak \u017ceby dotrze\u0107 do szerokiego gremium odbiorc\u00f3w. Tw\u00f3rcy kieruj\u0105 si\u0119 jako mottem i zdaniem przewodnim, \u017ce \u201eFundamentem silnego spo\u0142ecze\u0144stwa s\u0105 silne rodziny, natomiast fundamentem&#8230; <\/p>\n<p class=\"more\"><a class=\"more-link\" href=\"https:\/\/zakochajsienanowo.com\/index.php\/o-nas\/\">Read More<\/a><\/p>\n","protected":false},"author":1,"featured_media":0,"parent":0,"menu_order":0,"comment_status":"closed","ping_status":"closed","template":"elementor_header_footer","meta":{"footnotes":""},"class_list":["post-1050","page","type-page","status-publish","hentry","is-cat-link-borders-light is-cat-link-rounded"],"_links":{"self":[{"href":"https:\/\/zakochajsienanowo.com\/index.php\/wp-json\/wp\/v2\/pages\/1050","targetHints":{"allow":["GET"]}}],"collection":[{"href":"https:\/\/zakochajsienanowo.com\/index.php\/wp-json\/wp\/v2\/pages"}],"about":[{"href":"https:\/\/zakochajsienanowo.com\/index.php\/wp-json\/wp\/v2\/types\/page"}],"author":[{"embeddable":true,"href":"https:\/\/zakochajsienanowo.com\/index.php\/wp-json\/wp\/v2\/users\/1"}],"replies":[{"embeddable":true,"href":"https:\/\/zakochajsienanowo.com\/index.php\/wp-json\/wp\/v2\/comments?post=1050"}],"version-history":[{"count":71,"href":"https:\/\/zakochajsienanowo.com\/index.php\/wp-json\/wp\/v2\/pages\/1050\/revisions"}],"predecessor-version":[{"id":4595,"href":"https:\/\/zakochajsienanowo.com\/index.php\/wp-json\/wp\/v2\/pages\/1050\/revisions\/4595"}],"wp:attachment":[{"href":"https:\/\/zakochajsienanowo.com\/index.php\/wp-json\/wp\/v2\/media?parent=1050"}],"curies":[{"name":"wp","href":"https:\/\/api.w.org\/{rel}","templated":true}]}}