{"id":1031,"date":"2018-09-08T16:44:12","date_gmt":"2018-09-08T16:44:12","guid":{"rendered":"http:\/\/themes.pixelwars.org\/efor\/demo-01\/?page_id=1031"},"modified":"2021-11-29T13:12:05","modified_gmt":"2021-11-29T12:12:05","slug":"qa","status":"publish","type":"page","link":"https:\/\/zakochajsienanowo.com\/index.php\/qa\/","title":{"rendered":"Q&#038;A"},"content":{"rendered":"\t\t<div data-elementor-type=\"wp-post\" data-elementor-id=\"1031\" class=\"elementor elementor-1031\">\n\t\t\t\t\t\t\t\t\t<section class=\"elementor-section elementor-top-section elementor-element elementor-element-82228b4 elementor-section-boxed elementor-section-height-default elementor-section-height-default\" data-id=\"82228b4\" data-element_type=\"section\" data-settings=\"{&quot;background_background&quot;:&quot;classic&quot;}\">\n\t\t\t\t\t\t<div class=\"elementor-container elementor-column-gap-default\">\n\t\t\t\t\t<div class=\"elementor-column elementor-col-100 elementor-top-column elementor-element elementor-element-6e46c4c\" data-id=\"6e46c4c\" data-element_type=\"column\">\n\t\t\t<div class=\"elementor-widget-wrap elementor-element-populated\">\n\t\t\t\t\t\t\t\t<div class=\"elementor-element elementor-element-8ad716f elementor-widget-divider--view-line elementor-widget elementor-widget-divider\" data-id=\"8ad716f\" data-element_type=\"widget\" data-widget_type=\"divider.default\">\n\t\t\t\t<div class=\"elementor-widget-container\">\n\t\t\t\t\t<div class=\"elementor-divider\">\n\t\t\t<span class=\"elementor-divider-separator\">\n\t\t\t\t\t\t<\/span>\n\t\t<\/div>\n\t\t\t\t<\/div>\n\t\t\t\t<\/div>\n\t\t\t\t<div class=\"elementor-element elementor-element-7e07584 elementor-widget elementor-widget-heading\" data-id=\"7e07584\" data-element_type=\"widget\" data-widget_type=\"heading.default\">\n\t\t\t\t<div class=\"elementor-widget-container\">\n\t\t\t<h1 class=\"elementor-heading-title elementor-size-default\">Wasze pytania<\/h1>\t\t<\/div>\n\t\t\t\t<\/div>\n\t\t\t\t<div class=\"elementor-element elementor-element-9cac5f5 elementor-widget elementor-widget-spacer\" data-id=\"9cac5f5\" data-element_type=\"widget\" data-widget_type=\"spacer.default\">\n\t\t\t\t<div class=\"elementor-widget-container\">\n\t\t\t\t\t<div class=\"elementor-spacer\">\n\t\t\t<div class=\"elementor-spacer-inner\"><\/div>\n\t\t<\/div>\n\t\t\t\t<\/div>\n\t\t\t\t<\/div>\n\t\t\t\t<div class=\"elementor-element elementor-element-c74a914 elementor-widget elementor-widget-toggle\" data-id=\"c74a914\" data-element_type=\"widget\" data-widget_type=\"toggle.default\">\n\t\t\t\t<div class=\"elementor-widget-container\">\n\t\t\t\t\t<div class=\"elementor-toggle\">\n\t\t\t\t\t\t\t<div class=\"elementor-toggle-item\">\n\t\t\t\t\t<h2 id=\"elementor-tab-title-2081\" class=\"elementor-tab-title\" data-tab=\"1\" role=\"button\" aria-controls=\"elementor-tab-content-2081\" aria-expanded=\"false\">\n\t\t\t\t\t\t\t\t\t\t\t\t<span class=\"elementor-toggle-icon elementor-toggle-icon-right\" aria-hidden=\"true\">\n\t\t\t\t\t\t\t\t\t\t\t\t\t\t\t<span class=\"elementor-toggle-icon-closed\"><i class=\"fas fa-angle-down\"><\/i><\/span>\n\t\t\t\t\t\t\t\t<span class=\"elementor-toggle-icon-opened\"><i class=\"elementor-toggle-icon-opened fas fa-angle-up\"><\/i><\/span>\n\t\t\t\t\t\t\t\t\t\t\t\t\t<\/span>\n\t\t\t\t\t\t\t\t\t\t\t\t<a class=\"elementor-toggle-title\" tabindex=\"0\">Czy ka\u017cd\u0105 relacj\u0119 mo\u017cna uratowa\u0107?<\/a>\n\t\t\t\t\t<\/h2>\n\n\t\t\t\t\t<div id=\"elementor-tab-content-2081\" class=\"elementor-tab-content elementor-clearfix\" data-tab=\"1\" role=\"region\" aria-labelledby=\"elementor-tab-title-2081\"><p>Na podstawie do\u015bwiadcze\u0144 uczestnik\u00f3w Kursu na ca\u0142ym \u015bwiecie, tak\u017ce w Polsce, wiemy \u017ce nie ma sytuacji bez wyj\u015bcia. Nawet relacje w g\u0142\u0119bokim kryzysie mo\u017cna uratowa\u0107. Jedn\u0105 z g\u0142\u00f3wnych\u00a0 przyczyn rozpadu lub och\u0142odzenia relacji jest brak dialogu. G\u0142\u00f3wnym celem Kursu Ma\u0142\u017ce\u0144skiego Alpha jest zach\u0119ta do tw\u00f3rczych i konstruktywnych randek. Kurs oferuje konkretne i praktyczne narz\u0119dzia do wsp\u00f3lnego czasu i dialogu partner\u00f3w, aby mogli oni om\u00f3wi\u0107 kluczowe zagadnienia ich relacji. Pomaga to spojrze\u0107 na sw\u00f3j zwi\u0105zek w nowy spos\u00f3b i uzyska\u0107 konkretn\u0105 pomoc we wzmocnieniu relacji.<\/p><\/div>\n\t\t\t\t<\/div>\n\t\t\t\t\t\t\t<div class=\"elementor-toggle-item\">\n\t\t\t\t\t<h2 id=\"elementor-tab-title-2082\" class=\"elementor-tab-title\" data-tab=\"2\" role=\"button\" aria-controls=\"elementor-tab-content-2082\" aria-expanded=\"false\">\n\t\t\t\t\t\t\t\t\t\t\t\t<span class=\"elementor-toggle-icon elementor-toggle-icon-right\" aria-hidden=\"true\">\n\t\t\t\t\t\t\t\t\t\t\t\t\t\t\t<span class=\"elementor-toggle-icon-closed\"><i class=\"fas fa-angle-down\"><\/i><\/span>\n\t\t\t\t\t\t\t\t<span class=\"elementor-toggle-icon-opened\"><i class=\"elementor-toggle-icon-opened fas fa-angle-up\"><\/i><\/span>\n\t\t\t\t\t\t\t\t\t\t\t\t\t<\/span>\n\t\t\t\t\t\t\t\t\t\t\t\t<a class=\"elementor-toggle-title\" tabindex=\"0\">Jak przekona\u0107 do kursu partnera\/ma\u0142\u017conka?<\/a>\n\t\t\t\t\t<\/h2>\n\n\t\t\t\t\t<div id=\"elementor-tab-content-2082\" class=\"elementor-tab-content elementor-clearfix\" data-tab=\"2\" role=\"region\" aria-labelledby=\"elementor-tab-title-2082\"><p>Przedstaw swojemu partnerowi formu\u0142\u0119 Kursu. Zapewnij go, \u017ce nie b\u0119dziecie rozmawia\u0107 o Waszej relacji z nikim innym, a Wasze rozmowy pozostan\u0105 prywatne.<\/p><p>Powiedz, \u017ce Kurs przeznaczony jest dla Wszystkich par \u2013 nie tylko tych w kryzysie. Potraktujcie udzia\u0142 w Kursie jako inwestycj\u0119 w Wasz zwi\u0105zek.<\/p><p>Mo\u017cesz tak\u017ce pokaza\u0107 partnerowi historie innych par, kt\u00f3re bra\u0142y udzia\u0142 w Kursie i by\u0142o to dla nich pomocne. Je\u017celi znasz kogo\u015b, kto bra\u0142 udzia\u0142 w takim Kursie, popro\u015b go o osobist\u0105 rekomendacj\u0119 \u2013 taka forma polecenia Kursu ma du\u017c\u0105 si\u0142\u0119 przekonywania.<\/p><\/div>\n\t\t\t\t<\/div>\n\t\t\t\t\t\t\t<div class=\"elementor-toggle-item\">\n\t\t\t\t\t<h2 id=\"elementor-tab-title-2083\" class=\"elementor-tab-title\" data-tab=\"3\" role=\"button\" aria-controls=\"elementor-tab-content-2083\" aria-expanded=\"false\">\n\t\t\t\t\t\t\t\t\t\t\t\t<span class=\"elementor-toggle-icon elementor-toggle-icon-right\" aria-hidden=\"true\">\n\t\t\t\t\t\t\t\t\t\t\t\t\t\t\t<span class=\"elementor-toggle-icon-closed\"><i class=\"fas fa-angle-down\"><\/i><\/span>\n\t\t\t\t\t\t\t\t<span class=\"elementor-toggle-icon-opened\"><i class=\"elementor-toggle-icon-opened fas fa-angle-up\"><\/i><\/span>\n\t\t\t\t\t\t\t\t\t\t\t\t\t<\/span>\n\t\t\t\t\t\t\t\t\t\t\t\t<a class=\"elementor-toggle-title\" tabindex=\"0\">Czy mo\u017cna zakocha\u0107 si\u0119 na nowo?<\/a>\n\t\t\t\t\t<\/h2>\n\n\t\t\t\t\t<div id=\"elementor-tab-content-2083\" class=\"elementor-tab-content elementor-clearfix\" data-tab=\"3\" role=\"region\" aria-labelledby=\"elementor-tab-title-2083\"><p>Udzia\u0142 w Kursie Ma\u0142\u017ce\u0144skim Alpha oraz odkrycie oczekiwanych przez Was sposob\u00f3w okazywania sobie mi\u0142o\u015bci na pewne mo\u017ce Wam w tym pom\u00f3c. Jest natomiast jeden warunek \u2013 obydwoje musicie tego chcie\u0107. Potrzebujecie podj\u0105\u0107 \u015bwiadom\u0105 decyzj\u0119, \u017ce chcecie pracowa\u0107 nad wzmocnieniem Waszej relacji.<\/p><\/div>\n\t\t\t\t<\/div>\n\t\t\t\t\t\t\t<div class=\"elementor-toggle-item\">\n\t\t\t\t\t<h2 id=\"elementor-tab-title-2084\" class=\"elementor-tab-title\" data-tab=\"4\" role=\"button\" aria-controls=\"elementor-tab-content-2084\" aria-expanded=\"false\">\n\t\t\t\t\t\t\t\t\t\t\t\t<span class=\"elementor-toggle-icon elementor-toggle-icon-right\" aria-hidden=\"true\">\n\t\t\t\t\t\t\t\t\t\t\t\t\t\t\t<span class=\"elementor-toggle-icon-closed\"><i class=\"fas fa-angle-down\"><\/i><\/span>\n\t\t\t\t\t\t\t\t<span class=\"elementor-toggle-icon-opened\"><i class=\"elementor-toggle-icon-opened fas fa-angle-up\"><\/i><\/span>\n\t\t\t\t\t\t\t\t\t\t\t\t\t<\/span>\n\t\t\t\t\t\t\t\t\t\t\t\t<a class=\"elementor-toggle-title\" tabindex=\"0\">Czy musimy si\u0119 dzieli\u0107 naszymi przemy\u015bleniami z osobami trzecimi?<\/a>\n\t\t\t\t\t<\/h2>\n\n\t\t\t\t\t<div id=\"elementor-tab-content-2084\" class=\"elementor-tab-content elementor-clearfix\" data-tab=\"4\" role=\"region\" aria-labelledby=\"elementor-tab-title-2084\"><p>Dyskusje ka\u017cdej pary odbywaj\u0105 si\u0119 w atmosferze prywatno\u015bci. Nie ma pracy grupowej, ani omawiania jakichkolwiek kwestii na temat Waszej relacji z nikim innym. W\u0142a\u015bnie ta prywatno\u015b\u0107 przekonuje wiele par do uczestnictwa w kursie.<\/p><\/div>\n\t\t\t\t<\/div>\n\t\t\t\t\t\t\t<div class=\"elementor-toggle-item\">\n\t\t\t\t\t<h2 id=\"elementor-tab-title-2085\" class=\"elementor-tab-title\" data-tab=\"5\" role=\"button\" aria-controls=\"elementor-tab-content-2085\" aria-expanded=\"false\">\n\t\t\t\t\t\t\t\t\t\t\t\t<span class=\"elementor-toggle-icon elementor-toggle-icon-right\" aria-hidden=\"true\">\n\t\t\t\t\t\t\t\t\t\t\t\t\t\t\t<span class=\"elementor-toggle-icon-closed\"><i class=\"fas fa-angle-down\"><\/i><\/span>\n\t\t\t\t\t\t\t\t<span class=\"elementor-toggle-icon-opened\"><i class=\"elementor-toggle-icon-opened fas fa-angle-up\"><\/i><\/span>\n\t\t\t\t\t\t\t\t\t\t\t\t\t<\/span>\n\t\t\t\t\t\t\t\t\t\t\t\t<a class=\"elementor-toggle-title\" tabindex=\"0\">Czy kurs przygotowany jest przez specjalist\u00f3w?<\/a>\n\t\t\t\t\t<\/h2>\n\n\t\t\t\t\t<div id=\"elementor-tab-content-2085\" class=\"elementor-tab-content elementor-clearfix\" data-tab=\"5\" role=\"region\" aria-labelledby=\"elementor-tab-title-2085\"><p>G\u0142\u00f3wne tre\u015bci wyk\u0142adowe prezentowane s\u0105 przez Nicky\u2019ego i Sil\u0119 Lee. S\u0105 oni ma\u0142\u017ce\u0144stwem od ponad 40 lat i maj\u0105 czw\u00f3rk\u0119 dzieci. Przemawiali na temat ma\u0142\u017ce\u0144stwa i \u017cycia rodzinnego do tysi\u0119cy ludzi. S\u0105 autorami ksi\u0105\u017cki \u201eNiezb\u0119dnik Ma\u0142\u017ce\u0144ski\u201d, kt\u00f3ra sprzedana zosta\u0142a w ilo\u015bci ponad 250 tysi\u0119cy egzemplarzy na ca\u0142ym \u015bwiecie.<\/p><p>Wyk\u0142ady zawieraj\u0105 ponadto spostrze\u017cenia cenionych ekspert\u00f3w i terapeut\u00f3w z dziedziny relacji ma\u0142\u017ce\u0144skich, psychologii, psychiatrii i seksuologii.<\/p><\/div>\n\t\t\t\t<\/div>\n\t\t\t\t\t\t\t<div class=\"elementor-toggle-item\">\n\t\t\t\t\t<h2 id=\"elementor-tab-title-2086\" class=\"elementor-tab-title\" data-tab=\"6\" role=\"button\" aria-controls=\"elementor-tab-content-2086\" aria-expanded=\"false\">\n\t\t\t\t\t\t\t\t\t\t\t\t<span class=\"elementor-toggle-icon elementor-toggle-icon-right\" aria-hidden=\"true\">\n\t\t\t\t\t\t\t\t\t\t\t\t\t\t\t<span class=\"elementor-toggle-icon-closed\"><i class=\"fas fa-angle-down\"><\/i><\/span>\n\t\t\t\t\t\t\t\t<span class=\"elementor-toggle-icon-opened\"><i class=\"elementor-toggle-icon-opened fas fa-angle-up\"><\/i><\/span>\n\t\t\t\t\t\t\t\t\t\t\t\t\t<\/span>\n\t\t\t\t\t\t\t\t\t\t\t\t<a class=\"elementor-toggle-title\" tabindex=\"0\">Dla kogo przeznaczony jest kurs?<\/a>\n\t\t\t\t\t<\/h2>\n\n\t\t\t\t\t<div id=\"elementor-tab-content-2086\" class=\"elementor-tab-content elementor-clearfix\" data-tab=\"6\" role=\"region\" aria-labelledby=\"elementor-tab-title-2086\"><p>Kurs jest przeznaczony dla ka\u017cdej pary, kt\u00f3ra chce zainwestowa\u0107 w swoj\u0105 relacj\u0119 \u2013 niezale\u017cnie, czy jest silna, czy akurat potrzebuje pomocy. W obu przypadkach kurs oferuje podyktowane \u017cyciem praktyczne wskaz\u00f3wki i narz\u0119dzia, kt\u00f3re zaprocentuj\u0105 w przysz\u0142o\u015bci.<\/p><p>Nie ma znaczenia, czy jeste\u015bcie razem od 6 miesi\u0119cy, czy 40 lat. Kurs b\u0119dzie dla Was pomocny na ka\u017cdym etapie relacji i pomo\u017ce Wam przej\u015b\u0107 przez wyzwania, przed kt\u00f3rymi aktualnie stoicie.<\/p><\/div>\n\t\t\t\t<\/div>\n\t\t\t\t\t\t\t<div class=\"elementor-toggle-item\">\n\t\t\t\t\t<h2 id=\"elementor-tab-title-2087\" class=\"elementor-tab-title\" data-tab=\"7\" role=\"button\" aria-controls=\"elementor-tab-content-2087\" aria-expanded=\"false\">\n\t\t\t\t\t\t\t\t\t\t\t\t<span class=\"elementor-toggle-icon elementor-toggle-icon-right\" aria-hidden=\"true\">\n\t\t\t\t\t\t\t\t\t\t\t\t\t\t\t<span class=\"elementor-toggle-icon-closed\"><i class=\"fas fa-angle-down\"><\/i><\/span>\n\t\t\t\t\t\t\t\t<span class=\"elementor-toggle-icon-opened\"><i class=\"elementor-toggle-icon-opened fas fa-angle-up\"><\/i><\/span>\n\t\t\t\t\t\t\t\t\t\t\t\t\t<\/span>\n\t\t\t\t\t\t\t\t\t\t\t\t<a class=\"elementor-toggle-title\" tabindex=\"0\">Jak d\u0142ugo czeka si\u0119 na podr\u0119czniki?<\/a>\n\t\t\t\t\t<\/h2>\n\n\t\t\t\t\t<div id=\"elementor-tab-content-2087\" class=\"elementor-tab-content elementor-clearfix\" data-tab=\"7\" role=\"region\" aria-labelledby=\"elementor-tab-title-2087\"><p>Przewodniki dostarczone zostan\u0105 przez Poczt\u0119 Polsk\u0105 lub kuriera. Loguj\u0105c si\u0119 na platform\u0119 otrzymujecie dost\u0119p do kursu oraz plik pdf do pierwszej sesji, tak aby\u015bcie mogli rozpocz\u0105\u0107 kurs od razu. Wydrukujcie je w dw\u00f3ch egzemplarzach, lub zaczekajcie na przesy\u0142k\u0119.<\/p><\/div>\n\t\t\t\t<\/div>\n\t\t\t\t\t\t\t<div class=\"elementor-toggle-item\">\n\t\t\t\t\t<h2 id=\"elementor-tab-title-2088\" class=\"elementor-tab-title\" data-tab=\"8\" role=\"button\" aria-controls=\"elementor-tab-content-2088\" aria-expanded=\"false\">\n\t\t\t\t\t\t\t\t\t\t\t\t<span class=\"elementor-toggle-icon elementor-toggle-icon-right\" aria-hidden=\"true\">\n\t\t\t\t\t\t\t\t\t\t\t\t\t\t\t<span class=\"elementor-toggle-icon-closed\"><i class=\"fas fa-angle-down\"><\/i><\/span>\n\t\t\t\t\t\t\t\t<span class=\"elementor-toggle-icon-opened\"><i class=\"elementor-toggle-icon-opened fas fa-angle-up\"><\/i><\/span>\n\t\t\t\t\t\t\t\t\t\t\t\t\t<\/span>\n\t\t\t\t\t\t\t\t\t\t\t\t<a class=\"elementor-toggle-title\" tabindex=\"0\">Co dzieje si\u0119 p\u00f3\u017cniej?<\/a>\n\t\t\t\t\t<\/h2>\n\n\t\t\t\t\t<div id=\"elementor-tab-content-2088\" class=\"elementor-tab-content elementor-clearfix\" data-tab=\"8\" role=\"region\" aria-labelledby=\"elementor-tab-title-2088\"><p>Teraz wszystko w Waszych r\u0119kach! Zach\u0119camy Was do traktowania priorytetowo waszego wsp\u00f3lnego czasu w ci\u0105gu tygodnia. Zaplanujcie go i dbajcie o Wasz\u0105 relacj\u0119. Mamy nadziej\u0119, \u017ce po zako\u0144czeniu Kursu Ma\u0142\u017ce\u0144skiego Alpha Przewodnik ten b\u0119dzie przypomina\u0142 wam to, czego dowiedzieli\u015bcie si\u0119 o sobie nawzajem i waszej wsp\u00f3lnej ma\u0142\u017ce\u0144skiej drodze oraz pomaga\u0142 wciela\u0107 w \u017cycie to, czego si\u0119 nauczyli\u015bcie.<\/p><\/div>\n\t\t\t\t<\/div>\n\t\t\t\t\t\t\t<div class=\"elementor-toggle-item\">\n\t\t\t\t\t<h2 id=\"elementor-tab-title-2089\" class=\"elementor-tab-title\" data-tab=\"9\" role=\"button\" aria-controls=\"elementor-tab-content-2089\" aria-expanded=\"false\">\n\t\t\t\t\t\t\t\t\t\t\t\t<span class=\"elementor-toggle-icon elementor-toggle-icon-right\" aria-hidden=\"true\">\n\t\t\t\t\t\t\t\t\t\t\t\t\t\t\t<span class=\"elementor-toggle-icon-closed\"><i class=\"fas fa-angle-down\"><\/i><\/span>\n\t\t\t\t\t\t\t\t<span class=\"elementor-toggle-icon-opened\"><i class=\"elementor-toggle-icon-opened fas fa-angle-up\"><\/i><\/span>\n\t\t\t\t\t\t\t\t\t\t\t\t\t<\/span>\n\t\t\t\t\t\t\t\t\t\t\t\t<a class=\"elementor-toggle-title\" tabindex=\"0\">Cena kursu<\/a>\n\t\t\t\t\t<\/h2>\n\n\t\t\t\t\t<div id=\"elementor-tab-content-2089\" class=\"elementor-tab-content elementor-clearfix\" data-tab=\"9\" role=\"region\" aria-labelledby=\"elementor-tab-title-2089\"><p>Kurs to produkt wysokiej jako\u015bci, kt\u00f3ry jest wart o wiele wi\u0119cej. Udost\u0119pniamy go w tak preferencyjnej cenie tylko dzi\u0119ki darowiznom od sponsor\u00f3w. Jednak je\u015bli wzgl\u0119dy finansowe by\u0142yby dla Was przeszkod\u0105 do odbycia Kursu, koniecznie skontaktujcie si\u0119 z nami.<\/p><\/div>\n\t\t\t\t<\/div>\n\t\t\t\t\t\t\t\t<\/div>\n\t\t\t\t<\/div>\n\t\t\t\t<\/div>\n\t\t\t\t<div class=\"elementor-element elementor-element-1192b50 elementor-widget elementor-widget-spacer\" data-id=\"1192b50\" data-element_type=\"widget\" data-widget_type=\"spacer.default\">\n\t\t\t\t<div class=\"elementor-widget-container\">\n\t\t\t\t\t<div class=\"elementor-spacer\">\n\t\t\t<div class=\"elementor-spacer-inner\"><\/div>\n\t\t<\/div>\n\t\t\t\t<\/div>\n\t\t\t\t<\/div>\n\t\t\t\t<div class=\"elementor-element elementor-element-df10f9b elementor-widget-divider--view-line elementor-widget elementor-widget-divider\" data-id=\"df10f9b\" data-element_type=\"widget\" data-widget_type=\"divider.default\">\n\t\t\t\t<div class=\"elementor-widget-container\">\n\t\t\t\t\t<div class=\"elementor-divider\">\n\t\t\t<span class=\"elementor-divider-separator\">\n\t\t\t\t\t\t<\/span>\n\t\t<\/div>\n\t\t\t\t<\/div>\n\t\t\t\t<\/div>\n\t\t\t\t\t<\/div>\n\t\t<\/div>\n\t\t\t\t\t\t\t<\/div>\n\t\t<\/section>\n\t\t\t\t\t\t\t<\/div>\n\t\t","protected":false},"excerpt":{"rendered":"<p>Wasze pytania Czy ka\u017cd\u0105 relacj\u0119 mo\u017cna uratowa\u0107? Na podstawie do\u015bwiadcze\u0144 uczestnik\u00f3w Kursu na ca\u0142ym \u015bwiecie, tak\u017ce w Polsce, wiemy \u017ce nie ma sytuacji bez wyj\u015bcia. Nawet relacje w g\u0142\u0119bokim kryzysie mo\u017cna uratowa\u0107. Jedn\u0105 z g\u0142\u00f3wnych\u00a0 przyczyn rozpadu lub och\u0142odzenia relacji jest brak dialogu. G\u0142\u00f3wnym celem Kursu Ma\u0142\u017ce\u0144skiego Alpha jest zach\u0119ta do tw\u00f3rczych i konstruktywnych randek. Kurs oferuje konkretne i praktyczne narz\u0119dzia do wsp\u00f3lnego czasu i&#8230; <\/p>\n<p class=\"more\"><a class=\"more-link\" href=\"https:\/\/zakochajsienanowo.com\/index.php\/qa\/\">Read More<\/a><\/p>\n","protected":false},"author":1,"featured_media":0,"parent":0,"menu_order":0,"comment_status":"closed","ping_status":"closed","template":"elementor_header_footer","meta":{"footnotes":""},"class_list":["post-1031","page","type-page","status-publish","hentry","is-cat-link-borders-light is-cat-link-rounded"],"_links":{"self":[{"href":"https:\/\/zakochajsienanowo.com\/index.php\/wp-json\/wp\/v2\/pages\/1031","targetHints":{"allow":["GET"]}}],"collection":[{"href":"https:\/\/zakochajsienanowo.com\/index.php\/wp-json\/wp\/v2\/pages"}],"about":[{"href":"https:\/\/zakochajsienanowo.com\/index.php\/wp-json\/wp\/v2\/types\/page"}],"author":[{"embeddable":true,"href":"https:\/\/zakochajsienanowo.com\/index.php\/wp-json\/wp\/v2\/users\/1"}],"replies":[{"embeddable":true,"href":"https:\/\/zakochajsienanowo.com\/index.php\/wp-json\/wp\/v2\/comments?post=1031"}],"version-history":[{"count":16,"href":"https:\/\/zakochajsienanowo.com\/index.php\/wp-json\/wp\/v2\/pages\/1031\/revisions"}],"predecessor-version":[{"id":4640,"href":"https:\/\/zakochajsienanowo.com\/index.php\/wp-json\/wp\/v2\/pages\/1031\/revisions\/4640"}],"wp:attachment":[{"href":"https:\/\/zakochajsienanowo.com\/index.php\/wp-json\/wp\/v2\/media?parent=1031"}],"curies":[{"name":"wp","href":"https:\/\/api.w.org\/{rel}","templated":true}]}}